{"id":65,"date":"2012-03-30T21:53:46","date_gmt":"2012-03-30T21:53:46","guid":{"rendered":"http:\/\/db9vl.blanchebarbe.com\/db9vl\/?page_id=65"},"modified":"2012-04-28T20:44:26","modified_gmt":"2012-04-28T20:44:26","slug":"projekte","status":"publish","type":"page","link":"https:\/\/db9vl.blanchebarbe.com\/db9vl\/?page_id=65","title":{"rendered":"Projects"},"content":{"rendered":"<h1>Small Projects<\/h1>\n<p><strong>Modifikation HF Manpack Vertex Standard VX 1210<\/strong><\/p>\n<div id=\"attachment_70\" style=\"width: 160px\" class=\"wp-caption alignright\"><a href=\"https:\/\/db9vl.blanchebarbe.com\/db9vl\/wp-content\/uploads\/2012\/03\/VX1210_carrier_Bergan_s.jpg\"><img aria-describedby=\"caption-attachment-70\" loading=\"lazy\" class=\"size-thumbnail wp-image-70\" title=\"VX1210_carrier_Bergan_s\" src=\"https:\/\/db9vl.blanchebarbe.com\/db9vl\/wp-content\/uploads\/2012\/03\/VX1210_carrier_Bergan_s-150x150.jpg\" alt=\"\" width=\"150\" height=\"150\" \/><\/a><p id=\"caption-attachment-70\" class=\"wp-caption-text\">Komerzielles HF Manpack Vertex VX-1210<\/p><\/div>\n<p>VX-1210 ist ein f\u00fcr den Gel\u00e4ndeeinsatz konzipierter kommerzieller Sendeempf\u00e4nger. Der Frequenzbereich \u00fcberstreicht die komplette Kurzwelle bis 30 Mhz in den Betriebsarten AM \/ SSB \/ CW \/ Digital. Die Ausgangsleistung betr\u00e4gt max. 20W. Ein automatischer Antennentuner ist integrierbar.<\/p>\n<p>&nbsp;<\/p>\n<p>&nbsp;<\/p>\n<div class=\"mceTemp\" style=\"text-align: center;\">\n<div id=\"attachment_71\" style=\"width: 160px\" class=\"wp-caption alignleft\"><a href=\"https:\/\/db9vl.blanchebarbe.com\/db9vl\/wp-content\/uploads\/2012\/03\/VX1210_alternat_Battery_1s.jpg\"><img aria-describedby=\"caption-attachment-71\" loading=\"lazy\" class=\"size-thumbnail wp-image-71  \" title=\"VX1210_alternat_Battery_1s\" src=\"https:\/\/db9vl.blanchebarbe.com\/db9vl\/wp-content\/uploads\/2012\/03\/VX1210_alternat_Battery_1s-150x150.jpg\" alt=\"\" width=\"150\" height=\"150\" \/><\/a><p id=\"caption-attachment-71\" class=\"wp-caption-text\">Ersetzen des original Akkus durch Hochleistungs LiPo Batterien. Zum Schutz vor Tiefenentladung der Zellen wird ein PCB eingesetzt.<\/p><\/div>\n<p class=\"wp-caption-dt\">\n<\/div>\n<p><strong>Modifikation:<\/strong><\/p>\n<p>&#8211; Ersetzen des Original Akkus durch LiPo Zellen<\/p>\n<p>&#8211; Einbau einer Programmierschnittstelle<\/p>\n<p>&#8211; Adaption von SEM 35 Faltantennen<\/p>\n<p>&#8211; Anbau Transportpuffer<\/p>\n<p>&#8211; Tragegestell Sidepouch Bergan Radio Carrier<\/p>\n<p><a href=\"https:\/\/db9vl.blanchebarbe.com\/db9vl\/wp-content\/uploads\/2012\/03\/PH2D00211.jpg\"><img loading=\"lazy\" class=\"size-thumbnail wp-image-73 alignright\" title=\"Solarpanel\" src=\"https:\/\/db9vl.blanchebarbe.com\/db9vl\/wp-content\/uploads\/2012\/03\/PH2D00211-150x150.jpg\" alt=\"\" width=\"150\" height=\"150\" \/><\/a><\/p>\n<p><span style=\"color: #000000;\"><a href=\"https:\/\/db9vl.blanchebarbe.com\/db9vl\/wp-content\/uploads\/2012\/03\/PH2D00211.jpg\"><span style=\"color: #000000;\">Unterst\u00fctzung des Akkus durch ein 5W Solarpanel. Dieser ist ausreichend zur Herstellung des Empfangsstromes. F\u00fcr den portablen Einsatz ist das Panel leicht und flexibel.<\/span><\/a><\/span><\/p>\n<p>&nbsp;<\/p>\n<p>&nbsp;<\/p>\n<p><strong>Homebrew Low Cost Control Unit ( Smartlock ) f\u00fcr SGC-237\u00a0<\/strong><\/p>\n<div id=\"attachment_106\" style=\"width: 160px\" class=\"wp-caption alignright\"><a href=\"https:\/\/db9vl.blanchebarbe.com\/db9vl\/wp-content\/uploads\/2012\/03\/sgc237.jpg\"><img aria-describedby=\"caption-attachment-106\" loading=\"lazy\" class=\"size-thumbnail wp-image-106\" title=\"sgc237\" src=\"https:\/\/db9vl.blanchebarbe.com\/db9vl\/wp-content\/uploads\/2012\/03\/sgc237-150x150.jpg\" alt=\"\" width=\"150\" height=\"150\" \/><\/a><p id=\"caption-attachment-106\" class=\"wp-caption-text\">SGC-237<\/p><\/div>\n<p>Der SGC-237 ist ein automatischer Antennenkoppler aus den USA der f\u00fcr h\u00e4rteste Eins\u00e4tze gebaut wurde. Neben Temperatur und Wasserfestigkeit passt er auch Dr\u00e4hte mit geringer L\u00e4nge an eine Transceiver mit der Impedanz von 50 Ohm an.<\/p>\n<p>Im normalen Betrieb wird eigentlich keine Controlunit ben\u00f6tigt, da der Koppler allein durch das Sendesignal ab 3 Watt den Abstimmprozess durchf\u00fchrt. Mit der Kontroleinheit besteht jedoch die Moeglichkeit das TUNE OK Signal auszuwerten, ein Reset durchzuf\u00fchren oder den Tuner auf der Einstellung zu halten.<\/p>\n<div id=\"attachment_110\" style=\"width: 234px\" class=\"wp-caption alignleft\"><a href=\"https:\/\/db9vl.blanchebarbe.com\/db9vl\/wp-content\/uploads\/2012\/03\/sgc237-unit1.jpg\"><img aria-describedby=\"caption-attachment-110\" loading=\"lazy\" class=\" wp-image-110\" title=\"sgc237 unit\" src=\"https:\/\/db9vl.blanchebarbe.com\/db9vl\/wp-content\/uploads\/2012\/03\/sgc237-unit1-300x224.jpg\" alt=\"\" width=\"224\" height=\"170\" \/><\/a><p id=\"caption-attachment-110\" class=\"wp-caption-text\">Control Unit SGC-237<\/p><\/div>\n<p>Bauteile: 2x 12V LED, 1x 3 stufiger Umschalter, Dosenklemmen bzw. Stecksystem, Draht, Heisskleber.<\/p>\n<p>&nbsp;<\/p>\n<p>&nbsp;<\/p>\n<p>&nbsp;<\/p>\n<p>&nbsp;<\/p>\n<p><strong>Umbau kommerzieller AEG Telecar 9 FM Mobilfunkgeraete f\u00fcr Amateurfunk<\/strong><\/p>\n<p>Durch die Einf\u00fchrung des B\u00fcndelfunks sind die hochwertigen kommerziellen Funkgeraete AEG Telecar 9 ueberfl\u00fcssig geworden und k\u00f6nnen hervorragend auf den Amateurfunkfrequenzen eingesetzt werden.<\/p>\n<p>Das Telecar 9 habe ich ich jeweils f\u00fcr die B\u00e4nder 4m, 2m und 70cm gesehen. H\u00e4ufig mit einer 9er Tastatur. Diese ist m\u00f6glichst mit der Volltastatur zu tauschen, damit man das Ger\u00e4t ohne Programmierkabel konfigurieren kann. Oft entsteht das Problem mit dem nicht mehr vorhandenen Sicherheitscode, der die Systemeinstellungen vor Ver\u00e4nderungen gesch\u00fctzt hat. Dann gibt es nur die Chanche das Eeprom, welches die Einstellungen enth\u00e4lt, auszutauschen. Vorteil: Man erh\u00f6ht mit dem richtigen IC den Kanalspeicher und setzt das Passwort auf 0000.<\/p>\n<p>&nbsp;<\/p>\n<p><strong>Anpassung kommerzieller Motorola FM Handfunkger\u00e4te GP 300<\/strong><\/p>\n<p>Das GP300 ist ein robustes Handfunkger\u00e4t, welches leicht g\u00fcnstig gebraucht zu bekommen ist. Ersatzteile gibt es aus \u00dcbersee oder auf den einschl\u00e4gigen Verkaufsb\u00f6rsen. Nutzbar ist die 2m und 70cm Version des GP300. Man ben\u00f6tigt zum Programmieren des Ger\u00e4tes einen Programmieradapter, einen alten Rechner ( Pentium I ) im DOS Modus und die Motorolla Software. Um das Ger\u00e4t auf \u00a0Amateurfunkfrequenzen zu konfigurieren ist eine Modifikation der Software und ein Trick bei der Programmierung n\u00f6tig.<\/p>\n<p>&nbsp;<\/p>\n<p><strong>APRS Tracker mit M88 und Motorolla GP68<\/strong><\/p>\n<p>&nbsp;<\/p>\n<p>&nbsp;<\/p>\n<table style=\"color: #000000; font-family: Times; font-weight: normal; line-height: normal; -webkit-tap-highlight-color: rgba(26, 26, 26, 0.296875); -webkit-composition-fill-color: rgba(175, 192, 227, 0.230469); -webkit-composition-frame-color: rgba(77, 128, 180, 0.230469); -webkit-text-size-adjust: auto; font-size: medium;\" width=\"271\" border=\"0\" cellspacing=\"2\" cellpadding=\"3\">\n<tbody>\n<tr>\n<td bgcolor=\"#cccccc\" width=\"320\" height=\"20\"><\/td>\n<\/tr>\n<tr>\n<td colspan=\"2\" bgcolor=\"#cccccc\" width=\"500\"><\/td>\n<\/tr>\n<tr>\n<td colspan=\"2\" bgcolor=\"#dddddd\">\n<table width=\"100%\" border=\"0\" cellspacing=\"0\" cellpadding=\"3\">\n<tbody>\n<tr>\n<td width=\"70%\"><\/td>\n<\/tr>\n<\/tbody>\n<\/table>\n<\/td>\n<\/tr>\n<tr>\n<td colspan=\"2\" bgcolor=\"#FFFFCC\">\n<table width=\"574\" border=\"0\" cellspacing=\"0\" cellpadding=\"3\">\n<tbody>\n<tr>\n<td colspan=\"2\"><\/td>\n<\/tr>\n<\/tbody>\n<\/table>\n<\/td>\n<\/tr>\n<tr>\n<td colspan=\"2\" bgcolor=\"#ffffcc\">\n<table width=\"500\" border=\"0\" cellspacing=\"2\" cellpadding=\"3\" bgcolor=\"#ffffcc\">\n<tbody>\n<tr>\n<td bgcolor=\"#ffffcc\"><\/td>\n<\/tr>\n<\/tbody>\n<\/table>\n<\/td>\n<\/tr>\n<\/tbody>\n<\/table>\n","protected":false},"excerpt":{"rendered":"<p>Small Projects Modifikation HF Manpack Vertex Standard VX 1210 VX-1210 ist ein f\u00fcr den Gel\u00e4ndeeinsatz konzipierter kommerzieller Sendeempf\u00e4nger. Der Frequenzbereich \u00fcberstreicht die komplette Kurzwelle bis 30 Mhz in den Betriebsarten AM \/ SSB \/ CW \/ Digital. Die Ausgangsleistung betr\u00e4gt &hellip; <a href=\"https:\/\/db9vl.blanchebarbe.com\/db9vl\/?page_id=65\">Weiterlesen <span class=\"meta-nav\">&rarr;<\/span><\/a><\/p>\n","protected":false},"author":1,"featured_media":0,"parent":0,"menu_order":0,"comment_status":"closed","ping_status":"closed","template":"","meta":[],"_links":{"self":[{"href":"https:\/\/db9vl.blanchebarbe.com\/db9vl\/index.php?rest_route=\/wp\/v2\/pages\/65"}],"collection":[{"href":"https:\/\/db9vl.blanchebarbe.com\/db9vl\/index.php?rest_route=\/wp\/v2\/pages"}],"about":[{"href":"https:\/\/db9vl.blanchebarbe.com\/db9vl\/index.php?rest_route=\/wp\/v2\/types\/page"}],"author":[{"embeddable":true,"href":"https:\/\/db9vl.blanchebarbe.com\/db9vl\/index.php?rest_route=\/wp\/v2\/users\/1"}],"replies":[{"embeddable":true,"href":"https:\/\/db9vl.blanchebarbe.com\/db9vl\/index.php?rest_route=%2Fwp%2Fv2%2Fcomments&post=65"}],"version-history":[{"count":60,"href":"https:\/\/db9vl.blanchebarbe.com\/db9vl\/index.php?rest_route=\/wp\/v2\/pages\/65\/revisions"}],"predecessor-version":[{"id":77,"href":"https:\/\/db9vl.blanchebarbe.com\/db9vl\/index.php?rest_route=\/wp\/v2\/pages\/65\/revisions\/77"}],"wp:attachment":[{"href":"https:\/\/db9vl.blanchebarbe.com\/db9vl\/index.php?rest_route=%2Fwp%2Fv2%2Fmedia&parent=65"}],"curies":[{"name":"wp","href":"https:\/\/api.w.org\/{rel}","templated":true}]}}