{"id":186,"date":"2012-04-23T11:03:57","date_gmt":"2012-04-23T11:03:57","guid":{"rendered":"http:\/\/db9vl.blanchebarbe.com\/db9vl\/?page_id=186"},"modified":"2012-12-12T15:31:54","modified_gmt":"2012-12-12T15:31:54","slug":"codan","status":"publish","type":"page","link":"https:\/\/db9vl.blanchebarbe.com\/db9vl\/?page_id=186","title":{"rendered":"Codan"},"content":{"rendered":"<p><strong>Codan Transceiver &#8211;\u00a0 Made in Australia<\/strong><\/p>\n<p>Diese, urspr\u00fcnglich f\u00fcr den Einsatz im australischen Busch entworfenen, mobilen und station\u00e4ren Funksysteme sind der Quasi-Standard bei den mobilen Einheiten der UN Hilfsorganisationen.<\/p>\n<p><a href=\"https:\/\/db9vl.blanchebarbe.com\/db9vl\/wp-content\/uploads\/2012\/04\/Technical-Service-Manual.pdf\">Codan 9360 Technical Service Manual<\/a><a href=\"https:\/\/db9vl.blanchebarbe.com\/db9vl\/wp-content\/uploads\/2012\/04\/9350-car2.jpg\"><img loading=\"lazy\" class=\"alignright size-thumbnail wp-image-214\" title=\"9350 car2\" src=\"https:\/\/db9vl.blanchebarbe.com\/db9vl\/wp-content\/uploads\/2012\/04\/9350-car2-150x150.jpg\" alt=\"\" width=\"150\" height=\"150\" \/><\/a><\/p>\n<p>&nbsp;<\/p>\n<p><a href=\"https:\/\/db9vl.blanchebarbe.com\/db9vl\/wp-content\/uploads\/2012\/04\/15-04076-Reference-Manual.pdf\">Codan 9360 Reference Manual<\/a><\/p>\n<p>&nbsp;<\/p>\n<p><a href=\"https:\/\/db9vl.blanchebarbe.com\/db9vl\/wp-content\/uploads\/2012\/04\/15-04073-User-Guide.pdf\">Codan 9360 User Guide<\/a><a href=\"https:\/\/db9vl.blanchebarbe.com\/db9vl\/wp-content\/uploads\/2012\/04\/9350-car3.jpg\"><img loading=\"lazy\" class=\"alignright size-thumbnail wp-image-215\" title=\"9350 car3\" src=\"https:\/\/db9vl.blanchebarbe.com\/db9vl\/wp-content\/uploads\/2012\/04\/9350-car3-150x150.jpg\" alt=\"\" width=\"150\" height=\"150\" \/><\/a><\/p>\n<p><a href=\"https:\/\/db9vl.blanchebarbe.com\/db9vl\/wp-content\/uploads\/2012\/04\/9350-on-car.jpg\"><img loading=\"lazy\" class=\"alignleft size-thumbnail wp-image-216\" title=\"9350 on car\" src=\"https:\/\/db9vl.blanchebarbe.com\/db9vl\/wp-content\/uploads\/2012\/04\/9350-on-car-150x150.jpg\" alt=\"\" width=\"150\" height=\"150\" \/><\/a><a href=\"https:\/\/db9vl.blanchebarbe.com\/db9vl\/wp-content\/uploads\/2012\/04\/9350_Magnetic-Mount.jpg\"><img loading=\"lazy\" class=\"aligncenter size-thumbnail wp-image-217\" title=\"9350_Magnetic Mount\" src=\"https:\/\/db9vl.blanchebarbe.com\/db9vl\/wp-content\/uploads\/2012\/04\/9350_Magnetic-Mount-150x150.jpg\" alt=\"\" width=\"150\" height=\"150\" \/><\/a><a href=\"https:\/\/db9vl.blanchebarbe.com\/db9vl\/wp-content\/uploads\/2012\/04\/9360_.jpg\"><img loading=\"lazy\" class=\"alignright size-thumbnail wp-image-218\" title=\"9360_\" src=\"https:\/\/db9vl.blanchebarbe.com\/db9vl\/wp-content\/uploads\/2012\/04\/9360_-150x150.jpg\" alt=\"\" width=\"150\" height=\"150\" \/><\/a><a href=\"https:\/\/db9vl.blanchebarbe.com\/db9vl\/wp-content\/uploads\/2012\/04\/9350-Manual.pdf\">Automatic Antenna 9350 Manual<\/a><\/p>\n<p>Wie man sehen kann ist die Automatikantenne nicht f\u00fcr dieses Fahrzeug gebaut. Ein Offroader ist hier eher geeignet. Mit entsprechender Halterung kann man dann auch mit der 10 kg schweren Antenne fahren.<\/p>\n<p>&nbsp;<\/p>\n<p><span style=\"color: #256dd9;\"><strong>Easy Tune<\/strong> <strong>9350<\/strong> &#8211; <span style=\"color: #000000;\">Kleine Schaltung f\u00fcr die Automatic Antenna 9350 &#8211; Using Antenna with other transceivers.<\/span><\/span><\/p>\n<p>Mit einer kleinen Schaltung kann man die Automatikantenne mit jedem anderen Transceiver nutzen. Hierzu wird nur eine 12V Stromversorgung, etwas Kabel, eine Sicherung und ein Taster ben\u00f6tigt. Mit dem Taster wird die Tune-Leitung der Antenne gegen Minus (Masse) gezogen. Die Antenne stimmt mit Hilfe des Ausgangssignals vom Transceiver ab. Praxistipp.. Im SSB Betrieb bei gedr\u00fcckter PTT ins Mikrofon pusten.<\/p>\n<p><a href=\"https:\/\/db9vl.blanchebarbe.com\/db9vl\/wp-content\/uploads\/2012\/04\/Easy-Tune-Codan-9350.jpg\"><img loading=\"lazy\" class=\"alignright size-medium wp-image-242\" title=\"Easy Tune Codan 9350\" src=\"https:\/\/db9vl.blanchebarbe.com\/db9vl\/wp-content\/uploads\/2012\/04\/Easy-Tune-Codan-9350-300x168.jpg\" alt=\"\" width=\"300\" height=\"168\" srcset=\"https:\/\/db9vl.blanchebarbe.com\/db9vl\/wp-content\/uploads\/2012\/04\/Easy-Tune-Codan-9350-300x168.jpg 300w, https:\/\/db9vl.blanchebarbe.com\/db9vl\/wp-content\/uploads\/2012\/04\/Easy-Tune-Codan-9350-1024x576.jpg 1024w, https:\/\/db9vl.blanchebarbe.com\/db9vl\/wp-content\/uploads\/2012\/04\/Easy-Tune-Codan-9350-500x281.jpg 500w, https:\/\/db9vl.blanchebarbe.com\/db9vl\/wp-content\/uploads\/2012\/04\/Easy-Tune-Codan-9350.jpg 1152w\" sizes=\"(max-width: 300px) 100vw, 300px\" \/><\/a><\/p>\n<p><a href=\"https:\/\/db9vl.blanchebarbe.com\/db9vl\/wp-content\/uploads\/2012\/04\/codan102.jpg\"><img loading=\"lazy\" class=\"alignright size-thumbnail wp-image-248\" title=\"codan102\" src=\"https:\/\/db9vl.blanchebarbe.com\/db9vl\/wp-content\/uploads\/2012\/04\/codan102-150x150.jpg\" alt=\"\" width=\"150\" height=\"150\" \/><\/a><\/p>\n<p>&nbsp;<\/p>\n<p>&nbsp;<\/p>\n<p>&nbsp;<\/p>\n<p>&nbsp;<\/p>\n<p>Der DB25 Stecker wird f\u00fcr beide Modi genutzt. Tune \u00fcber Taster und Tune \u00fcber Original Codan Transceiver. Dazu werden f\u00fcr den Easy Tune die Anschlussleitungen parallel zu denen in dem vorhandenen Originalkabel angel\u00f6tet.<\/p>\n<p>Mit zusammengeschaltetem Klemmstecker kann die 9350 mit 12V \u00fcber die Taste abgestimmt werden.<\/p>\n<p>Mit gezogenem Klemmstecker kann die Antenne \u00fcber den <a href=\"https:\/\/db9vl.blanchebarbe.com\/db9vl\/wp-content\/uploads\/2012\/04\/codan101.jpg\"><img loading=\"lazy\" class=\"alignright size-thumbnail wp-image-249\" title=\"codan101\" src=\"https:\/\/db9vl.blanchebarbe.com\/db9vl\/wp-content\/uploads\/2012\/04\/codan101-150x150.jpg\" alt=\"\" width=\"150\" height=\"150\" \/><\/a>Codan Transceiver mit dem DB25 verbunden werden. Der Tune- Vorgang l\u00e4uft dann \u00fcber das Codan Funkger\u00e4t.<\/p>\n<p><a href=\"https:\/\/db9vl.blanchebarbe.com\/db9vl\/wp-content\/uploads\/2012\/04\/Foto1.jpg\"><img loading=\"lazy\" class=\"alignright size-thumbnail wp-image-251\" title=\"Foto\" src=\"https:\/\/db9vl.blanchebarbe.com\/db9vl\/wp-content\/uploads\/2012\/04\/Foto1-150x150.jpg\" alt=\"\" width=\"150\" height=\"150\" \/><\/a><\/p>\n<p>&nbsp;<\/p>\n<p>&nbsp;<\/p>\n<p>&nbsp;<\/p>\n<p>&nbsp;<\/p>\n","protected":false},"excerpt":{"rendered":"<p>Codan Transceiver &#8211;\u00a0 Made in Australia Diese, urspr\u00fcnglich f\u00fcr den Einsatz im australischen Busch entworfenen, mobilen und station\u00e4ren Funksysteme sind der Quasi-Standard bei den mobilen Einheiten der UN Hilfsorganisationen. Codan 9360 Technical Service Manual &nbsp; Codan 9360 Reference Manual &nbsp; &hellip; <a href=\"https:\/\/db9vl.blanchebarbe.com\/db9vl\/?page_id=186\">Weiterlesen <span class=\"meta-nav\">&rarr;<\/span><\/a><\/p>\n","protected":false},"author":1,"featured_media":0,"parent":0,"menu_order":0,"comment_status":"closed","ping_status":"closed","template":"","meta":[],"_links":{"self":[{"href":"https:\/\/db9vl.blanchebarbe.com\/db9vl\/index.php?rest_route=\/wp\/v2\/pages\/186"}],"collection":[{"href":"https:\/\/db9vl.blanchebarbe.com\/db9vl\/index.php?rest_route=\/wp\/v2\/pages"}],"about":[{"href":"https:\/\/db9vl.blanchebarbe.com\/db9vl\/index.php?rest_route=\/wp\/v2\/types\/page"}],"author":[{"embeddable":true,"href":"https:\/\/db9vl.blanchebarbe.com\/db9vl\/index.php?rest_route=\/wp\/v2\/users\/1"}],"replies":[{"embeddable":true,"href":"https:\/\/db9vl.blanchebarbe.com\/db9vl\/index.php?rest_route=%2Fwp%2Fv2%2Fcomments&post=186"}],"version-history":[{"count":31,"href":"https:\/\/db9vl.blanchebarbe.com\/db9vl\/index.php?rest_route=\/wp\/v2\/pages\/186\/revisions"}],"predecessor-version":[{"id":192,"href":"https:\/\/db9vl.blanchebarbe.com\/db9vl\/index.php?rest_route=\/wp\/v2\/pages\/186\/revisions\/192"}],"wp:attachment":[{"href":"https:\/\/db9vl.blanchebarbe.com\/db9vl\/index.php?rest_route=%2Fwp%2Fv2%2Fmedia&parent=186"}],"curies":[{"name":"wp","href":"https:\/\/api.w.org\/{rel}","templated":true}]}}